{"id":39,"date":"2025-02-22T12:43:39","date_gmt":"2025-02-22T12:43:39","guid":{"rendered":"http:\/\/masserialesaliere.it\/wp\/home\/"},"modified":"2025-07-28T23:23:33","modified_gmt":"2025-07-28T23:23:33","slug":"home","status":"publish","type":"page","link":"http:\/\/masserialesaliere.it\/wp\/","title":{"rendered":"Home"},"content":{"rendered":"\n\n\n\n\n<h6>Le nostre origini<\/h6>\n<h2 style=\"background-color: rgb(246, 246, 246);\">Dalle antiche tradizioni pastorali alle nuove tecnologie e idee<\/h2>\n\n\n\n<p><span style=\"background-color: rgb(246, 246, 246);\">Sin dall&#8217;inizio c&#8217;\u00e8 stata la volont\u00e0 di riprendere parte delle vecchie tradizioni pastorali dei nostri avi che fin dal lontano 1700 si occupavano dell&#8217;allevamento di pecore (circa 3.000 capi) vivendo una vita da transumanti divisa tra le valli del Gran Sasso (in estate) e le campagne romane (in inverno).<\/span><\/p>\n<p><span style=\"background-color: rgb(246, 246, 246);\"><\/span><font dir=\"auto\" style=\"vertical-align: inherit;\"><font dir=\"auto\" style=\"vertical-align: inherit;\">All&#8217;esperienza dei nostri nonni&nbsp;<\/font><\/font><span style=\"background-color: rgb(246, 246, 246);\">abbiamo aggiunto nuove idee e tecnologie al passo con i tempi.<\/span>&nbsp;<\/p>\n\n\n\n\n\n\n\n\n\n\n\n\n\n\n\n\n\n\n\n\n\n\n\n\n\n\n\n\n<h6>Chi siamo<\/h6>\n<h2>Allevatori esperti e prodotti genuini<\/h2>\n<p><font dir=\"auto\" style=\"vertical-align: inherit;\"><font dir=\"auto\" style=\"vertical-align: inherit;\">La consistenza aziendale conta circa 2.000 capi, tra ovini e caprini&nbsp;<em>(capi adulti m\/f pi\u00f9 rimonta interna)<\/em>, di cui tre razze iscritte al libro genealogico&nbsp;<strong><em>comisana<\/em><\/strong>,&nbsp;<strong><em>merinizzata&nbsp;<\/em><\/strong><strong><em>Italiana<\/em><\/strong>&nbsp;e&nbsp;<strong><em>massese<\/em><\/strong>. L\u2019azienda \u00e8 improntata essenzialmente sull&#8217;allevamento e quindi, a livello agricolo, i terreni vengono coltivati a foraggere interamente utilizzate per soddisfare il fabbisogno interno&#8221;.<\/font><\/font><\/p>\n\n\n\n\n\n<h6>L&#8217;Azienda agricola<\/h6>\n<h2>Futuro pi\u00f9 sano<\/h2>\n<p>Grazie alla biodiversit\u00e0 dei nostri pascoli, al rispetto delle tradizioni tramandate dai nostri avi e al benessere dei nostri animali siamo riusciti a coniugare la qualit\u00e0 delle produzioni con la giusta produttivit\u00e0.. <br>Il nostro agnello \u00e8 certificato IGP del&nbsp; centro Italia e questo garantisce qualit\u00e0 e tracciabilit\u00e0 del prodotto.<\/p>\n\n\n\n\n\n\n<h6>Perch\u00e9 scegliere noi<\/h6>\n<h2>I nostri prodotti<\/h2>\n\n\n\n\n\n\n\n<p>Dalla fusione di due aziende familiari \u00e8 nata un&#8217;Azienda che guarda al futuro tramite chiari progetti di sviluppo<\/p>\n\n\n\n\n\n\n\n\n\n\n\n\n\n\n\n\n\n\n","protected":false},"excerpt":{"rendered":"","protected":false},"author":1,"featured_media":0,"parent":0,"menu_order":0,"comment_status":"closed","ping_status":"closed","template":"","meta":{"pagelayer_contact_templates":[],"_pagelayer_content":"","footnotes":""},"class_list":["post-39","page","type-page","status-publish","hentry"],"_links":{"self":[{"href":"http:\/\/masserialesaliere.it\/wp\/wp-json\/wp\/v2\/pages\/39","targetHints":{"allow":["GET"]}}],"collection":[{"href":"http:\/\/masserialesaliere.it\/wp\/wp-json\/wp\/v2\/pages"}],"about":[{"href":"http:\/\/masserialesaliere.it\/wp\/wp-json\/wp\/v2\/types\/page"}],"author":[{"embeddable":true,"href":"http:\/\/masserialesaliere.it\/wp\/wp-json\/wp\/v2\/users\/1"}],"replies":[{"embeddable":true,"href":"http:\/\/masserialesaliere.it\/wp\/wp-json\/wp\/v2\/comments?post=39"}],"version-history":[{"count":8,"href":"http:\/\/masserialesaliere.it\/wp\/wp-json\/wp\/v2\/pages\/39\/revisions"}],"predecessor-version":[{"id":144,"href":"http:\/\/masserialesaliere.it\/wp\/wp-json\/wp\/v2\/pages\/39\/revisions\/144"}],"wp:attachment":[{"href":"http:\/\/masserialesaliere.it\/wp\/wp-json\/wp\/v2\/media?parent=39"}],"curies":[{"name":"wp","href":"https:\/\/api.w.org\/{rel}","templated":true}]}}